{"id":4718,"date":"2023-06-01T14:27:32","date_gmt":"2023-06-01T12:27:32","guid":{"rendered":"http:\/\/erdiamo.eu\/?page_id=4718"},"modified":"2024-04-14T12:01:26","modified_gmt":"2024-04-14T10:01:26","slug":"byty","status":"publish","type":"page","link":"https:\/\/erdiamo.eu\/index.php\/byty\/","title":{"rendered":"Byt"},"content":{"rendered":"","protected":false},"excerpt":{"rendered":"","protected":false},"author":1,"featured_media":0,"parent":0,"menu_order":0,"comment_status":"closed","ping_status":"closed","template":"template\/template-listing-grid-v6-fullwidth-3cols.php","meta":{"footnotes":""},"yoast_head":"<!-- This site is optimized with the Yoast SEO plugin v22.4 - https:\/\/yoast.com\/wordpress\/plugins\/seo\/ -->\n<title>Byt - Erdiamo Real<\/title>\n<meta name=\"robots\" content=\"index, follow, max-snippet:-1, max-image-preview:large, max-video-preview:-1\" \/>\n<link rel=\"canonical\" href=\"https:\/\/erdiamo.eu\/index.php\/byty\/\" \/>\n<meta property=\"og:locale\" content=\"sk_SK\" \/>\n<meta property=\"og:type\" content=\"article\" \/>\n<meta property=\"og:title\" content=\"Byt - Erdiamo Real\" \/>\n<meta property=\"og:url\" content=\"https:\/\/erdiamo.eu\/index.php\/byty\/\" \/>\n<meta property=\"og:site_name\" content=\"Erdiamo Real\" \/>\n<meta property=\"article:modified_time\" content=\"2024-04-14T10:01:26+00:00\" \/>\n<meta name=\"twitter:card\" content=\"summary_large_image\" \/>\n<script type=\"application\/ld+json\" class=\"yoast-schema-graph\">{\"@context\":\"https:\/\/schema.org\",\"@graph\":[{\"@type\":\"WebPage\",\"@id\":\"https:\/\/erdiamo.eu\/index.php\/byty\/\",\"url\":\"https:\/\/erdiamo.eu\/index.php\/byty\/\",\"name\":\"Byt - Erdiamo Real\",\"isPartOf\":{\"@id\":\"https:\/\/erdiamo.eu\/#website\"},\"datePublished\":\"2023-06-01T12:27:32+00:00\",\"dateModified\":\"2024-04-14T10:01:26+00:00\",\"breadcrumb\":{\"@id\":\"https:\/\/erdiamo.eu\/index.php\/byty\/#breadcrumb\"},\"inLanguage\":\"sk-SK\",\"potentialAction\":[{\"@type\":\"ReadAction\",\"target\":[\"https:\/\/erdiamo.eu\/index.php\/byty\/\"]}]},{\"@type\":\"BreadcrumbList\",\"@id\":\"https:\/\/erdiamo.eu\/index.php\/byty\/#breadcrumb\",\"itemListElement\":[{\"@type\":\"ListItem\",\"position\":1,\"name\":\"Domovsk\u00e1 str\u00e1nka\",\"item\":\"https:\/\/erdiamo.eu\/\"},{\"@type\":\"ListItem\",\"position\":2,\"name\":\"Byt\"}]},{\"@type\":\"WebSite\",\"@id\":\"https:\/\/erdiamo.eu\/#website\",\"url\":\"https:\/\/erdiamo.eu\/\",\"name\":\"Erdiamo Real\",\"description\":\"Realitn\u00e1 Kancel\u00e1ria, ktor\u00e1 V\u00e1m spln\u00ed Va\u0161e sny o b\u00fdvan\u00ed\",\"potentialAction\":[{\"@type\":\"SearchAction\",\"target\":{\"@type\":\"EntryPoint\",\"urlTemplate\":\"https:\/\/erdiamo.eu\/?s={search_term_string}\"},\"query-input\":\"required name=search_term_string\"}],\"inLanguage\":\"sk-SK\"}]}<\/script>\n<!-- \/ Yoast SEO plugin. -->","yoast_head_json":{"title":"Byt - Erdiamo Real","robots":{"index":"index","follow":"follow","max-snippet":"max-snippet:-1","max-image-preview":"max-image-preview:large","max-video-preview":"max-video-preview:-1"},"canonical":"https:\/\/erdiamo.eu\/index.php\/byty\/","og_locale":"sk_SK","og_type":"article","og_title":"Byt - Erdiamo Real","og_url":"https:\/\/erdiamo.eu\/index.php\/byty\/","og_site_name":"Erdiamo Real","article_modified_time":"2024-04-14T10:01:26+00:00","twitter_card":"summary_large_image","schema":{"@context":"https:\/\/schema.org","@graph":[{"@type":"WebPage","@id":"https:\/\/erdiamo.eu\/index.php\/byty\/","url":"https:\/\/erdiamo.eu\/index.php\/byty\/","name":"Byt - Erdiamo Real","isPartOf":{"@id":"https:\/\/erdiamo.eu\/#website"},"datePublished":"2023-06-01T12:27:32+00:00","dateModified":"2024-04-14T10:01:26+00:00","breadcrumb":{"@id":"https:\/\/erdiamo.eu\/index.php\/byty\/#breadcrumb"},"inLanguage":"sk-SK","potentialAction":[{"@type":"ReadAction","target":["https:\/\/erdiamo.eu\/index.php\/byty\/"]}]},{"@type":"BreadcrumbList","@id":"https:\/\/erdiamo.eu\/index.php\/byty\/#breadcrumb","itemListElement":[{"@type":"ListItem","position":1,"name":"Domovsk\u00e1 str\u00e1nka","item":"https:\/\/erdiamo.eu\/"},{"@type":"ListItem","position":2,"name":"Byt"}]},{"@type":"WebSite","@id":"https:\/\/erdiamo.eu\/#website","url":"https:\/\/erdiamo.eu\/","name":"Erdiamo Real","description":"Realitn\u00e1 Kancel\u00e1ria, ktor\u00e1 V\u00e1m spln\u00ed Va\u0161e sny o b\u00fdvan\u00ed","potentialAction":[{"@type":"SearchAction","target":{"@type":"EntryPoint","urlTemplate":"https:\/\/erdiamo.eu\/?s={search_term_string}"},"query-input":"required name=search_term_string"}],"inLanguage":"sk-SK"}]}},"_links":{"self":[{"href":"https:\/\/erdiamo.eu\/index.php\/wp-json\/wp\/v2\/pages\/4718"}],"collection":[{"href":"https:\/\/erdiamo.eu\/index.php\/wp-json\/wp\/v2\/pages"}],"about":[{"href":"https:\/\/erdiamo.eu\/index.php\/wp-json\/wp\/v2\/types\/page"}],"author":[{"embeddable":true,"href":"https:\/\/erdiamo.eu\/index.php\/wp-json\/wp\/v2\/users\/1"}],"replies":[{"embeddable":true,"href":"https:\/\/erdiamo.eu\/index.php\/wp-json\/wp\/v2\/comments?post=4718"}],"version-history":[{"count":1,"href":"https:\/\/erdiamo.eu\/index.php\/wp-json\/wp\/v2\/pages\/4718\/revisions"}],"predecessor-version":[{"id":6400,"href":"https:\/\/erdiamo.eu\/index.php\/wp-json\/wp\/v2\/pages\/4718\/revisions\/6400"}],"wp:attachment":[{"href":"https:\/\/erdiamo.eu\/index.php\/wp-json\/wp\/v2\/media?parent=4718"}],"curies":[{"name":"wp","href":"https:\/\/api.w.org\/{rel}","templated":true}]}}