{"id":4716,"date":"2023-05-31T23:01:02","date_gmt":"2023-05-31T21:01:02","guid":{"rendered":"http:\/\/erdiamo.eu\/?page_id=4716"},"modified":"2023-05-31T23:01:04","modified_gmt":"2023-05-31T21:01:04","slug":"upozornenie","status":"publish","type":"page","link":"https:\/\/erdiamo.eu\/index.php\/upozornenie\/","title":{"rendered":"UPOZORNENIE"},"content":{"rendered":"\n<p>Vstupom na t\u00fato webov\u00fa str\u00e1nku, jej prehliadan\u00edm alebo pou\u017e\u00edvan\u00edm potvrdzujete, \u017ee ste si pre\u010d\u00edtali a rozumiete ni\u017e\u0161ie uveden\u00fdm podmienkam pou\u017e\u00edvania webovej str\u00e1nky spolo\u010dnosti&nbsp;<strong>ERDIAMO REAL s.r.o.<\/strong>&nbsp;a z\u00e1rove\u0148 sa zav\u00e4zujete ich v plnom rozsahu re\u0161pektova\u0165 a dodr\u017eiava\u0165. ERDIAMO REAL s.r.o. si vyhradzuje pr\u00e1vo tieto podmienky alebo inform\u00e1cie uveden\u00e9 na webovej str\u00e1nke upravi\u0165 alebo zmeni\u0165.<\/p>\n\n\n\n<p>Pokia\u013e s uveden\u00fdmi podmienkami nes\u00fahlas\u00edte, nepou\u017e\u00edvajte pros\u00edm t\u00fato webov\u00fa str\u00e1nku.<\/p>\n\n\n\n<h2 class=\"wp-block-heading\">POU\u017d\u00cdVANIE STR\u00c1NOK<\/h2>\n\n\n\n<p>Pou\u017e\u00edvate\u013eom webovej str\u00e1nky je ka\u017ed\u00fd, kto si pomocou vlastn\u00fdch technick\u00fdch prostriedkov vy\u017eiada zobrazenie ktorejko\u013evek str\u00e1nky tejto webovej str\u00e1nky. Spolo\u010dnos\u0165&nbsp;<strong>ERDIAMO REAL s.r.o.<\/strong>&nbsp;umo\u017e\u0148uje prezeranie a preberanie materi\u00e1lov z tejto webovej str\u00e1nky iba na osobn\u00e9 a nekomer\u010dn\u00e9 pou\u017e\u00edvanie, pod podmienkou neporu\u0161ovania autorsk\u00fdch a in\u00fdch pr\u00e1v du\u0161evn\u00e9ho vlastn\u00edctva.<\/p>\n\n\n\n<h2 class=\"wp-block-heading\">PR\u00c1VNA ZODPOVEDNOS\u0164<\/h2>\n\n\n\n<p>Inform\u00e1cie publikovan\u00e9 na tejto webovej str\u00e1nke s\u00fa poskytovan\u00e9 za \u00fa\u010delom informova\u0165 \u0161irok\u00fa verejnos\u0165, najm\u00e4 o ponuke produktov spolo\u010dnosti&nbsp;<strong>ERDIAMO REAL s.r.o.<\/strong>, ako aj \u010fal\u0161\u00edch aktivit\u00e1ch a slu\u017eb\u00e1ch. Tieto inform\u00e1cie a materi\u00e1ly maj\u00fa informat\u00edvny charakter a&nbsp;<strong>ERDIAMO REAL s.r.o.<\/strong>&nbsp;nezodpoved\u00e1 za vznik \u0161kody alebo inej ujmy, ktor\u00e1 by vznikla akejko\u013evek tretej osobe nez\u00e1v\u00e4zn\u00fdm pou\u017eit\u00edm t\u00fdchto inform\u00e1ci\u00ed.<\/p>\n\n\n\n<h2 class=\"wp-block-heading\">OBCHODN\u00c9 INFORM\u00c1CIE<\/h2>\n\n\n\n<p>Z\u00e1v\u00e4zky a povinnosti spolo\u010dnosti&nbsp;<strong>ERDIAMO REAL s.r.o.<\/strong>&nbsp;v s\u00favislosti s poskytovan\u00fdmi produktmi, slu\u017ebami a \u010dinnos\u0165ami sa riadia v\u00fdlu\u010dne zmluvn\u00fdmi vz\u0165ahmi, na z\u00e1klade ktor\u00fdch sa poskytuj\u00fa.<\/p>\n\n\n\n<h2 class=\"wp-block-heading\">NEZ\u00c1V\u00c4ZN\u00c1 OBJEDN\u00c1VKA<\/h2>\n\n\n\n<p>Objedn\u00e1vka realizovan\u00e1 prostredn\u00edctvom zverejnen\u00e9ho formul\u00e1ra je nez\u00e1v\u00e4zn\u00e1, pre jej z\u00e1v\u00e4znos\u0165 je potrebn\u00e9 ju p\u00edsomne potvrdi\u0165. Nez\u00e1v\u00e4zn\u00e1 objedn\u00e1vka sl\u00fa\u017ei ako podklad pre vypracovanie cenovej ponuky. S \u00fadajmi poslan\u00fdmi cez formul\u00e1r nez\u00e1v\u00e4znej objedn\u00e1vky sa bude nar\u00e1ba\u0165 pod\u013ea ustanoven\u00ed &#8222;nariadenia GDPR&#8220; a &#8222;z\u00e1kona \u010d. 18\/2018 Z. z.&#8220; o ochrane osobn\u00fdch \u00fadajov a o zmene a doplnen\u00ed niektor\u00fdch z\u00e1konov v znen\u00ed neskor\u0161\u00edch predpisov.<\/p>\n\n\n\n<h2 class=\"wp-block-heading\">OCHRANA OSOBN\u00ddCH \u00daDAJOV<\/h2>\n\n\n\n<p>Pravidl\u00e1 ochrany osobn\u00fdch \u00fadajov na tejto webovej str\u00e1nke s\u00fa dostupn\u00e9&nbsp;<a href=\"https:\/\/erdiamo.sk\/ochrana-osobnych-udajov\">na tejto str\u00e1nke<\/a>.<\/p>\n\n\n\n<h2 class=\"wp-block-heading\">COOKIES<\/h2>\n\n\n\n<p>Z\u00e1sady pou\u017e\u00edvania s\u00faborov cookie na tejto webovej str\u00e1nke s\u00fa dostupn\u00e9&nbsp;<a href=\"https:\/\/erdiamo.sk\/cookies\">na tejto str\u00e1nke<\/a>.<\/p>\n\n\n\n<h2 class=\"wp-block-heading\">INFORM\u00c1CIE O AUTORSK\u00ddCH PR\u00c1VACH<\/h2>\n\n\n\n<p>Copyright \u00a9&nbsp;<strong>ERDIAMO REAL s.r.o.<\/strong>. V\u0161etky pr\u00e1va vyhraden\u00e9.<\/p>\n","protected":false},"excerpt":{"rendered":"<p>Vstupom na t\u00fato webov\u00fa str\u00e1nku, jej prehliadan\u00edm alebo pou\u017e\u00edvan\u00edm potvrdzujete, \u017ee ste si pre\u010d\u00edtali a rozumiete ni\u017e\u0161ie uveden\u00fdm podmienkam pou\u017e\u00edvania webovej str\u00e1nky spolo\u010dnosti&nbsp;ERDIAMO REAL s.r.o.&nbsp;a z\u00e1rove\u0148 sa zav\u00e4zujete ich v plnom rozsahu re\u0161pektova\u0165 a dodr\u017eiava\u0165. ERDIAMO REAL s.r.o. si vyhradzuje pr\u00e1vo tieto podmienky alebo inform\u00e1cie uveden\u00e9 na webovej str\u00e1nke upravi\u0165 alebo zmeni\u0165. Pokia\u013e s uveden\u00fdmi [&hellip;]<\/p>\n","protected":false},"author":1,"featured_media":0,"parent":0,"menu_order":0,"comment_status":"closed","ping_status":"closed","template":"","meta":{"footnotes":""},"yoast_head":"<!-- This site is optimized with the Yoast SEO plugin v22.4 - https:\/\/yoast.com\/wordpress\/plugins\/seo\/ -->\n<title>UPOZORNENIE - Erdiamo Real<\/title>\n<meta name=\"robots\" content=\"index, follow, max-snippet:-1, max-image-preview:large, max-video-preview:-1\" \/>\n<link rel=\"canonical\" href=\"https:\/\/erdiamo.eu\/index.php\/upozornenie\/\" \/>\n<meta property=\"og:locale\" content=\"sk_SK\" \/>\n<meta property=\"og:type\" content=\"article\" \/>\n<meta property=\"og:title\" content=\"UPOZORNENIE - Erdiamo Real\" \/>\n<meta property=\"og:description\" content=\"Vstupom na t\u00fato webov\u00fa str\u00e1nku, jej prehliadan\u00edm alebo pou\u017e\u00edvan\u00edm potvrdzujete, \u017ee ste si pre\u010d\u00edtali a rozumiete ni\u017e\u0161ie uveden\u00fdm podmienkam pou\u017e\u00edvania webovej str\u00e1nky spolo\u010dnosti&nbsp;ERDIAMO REAL s.r.o.&nbsp;a z\u00e1rove\u0148 sa zav\u00e4zujete ich v plnom rozsahu re\u0161pektova\u0165 a dodr\u017eiava\u0165. ERDIAMO REAL s.r.o. si vyhradzuje pr\u00e1vo tieto podmienky alebo inform\u00e1cie uveden\u00e9 na webovej str\u00e1nke upravi\u0165 alebo zmeni\u0165. Pokia\u013e s uveden\u00fdmi [&hellip;]\" \/>\n<meta property=\"og:url\" content=\"https:\/\/erdiamo.eu\/index.php\/upozornenie\/\" \/>\n<meta property=\"og:site_name\" content=\"Erdiamo Real\" \/>\n<meta property=\"article:modified_time\" content=\"2023-05-31T21:01:04+00:00\" \/>\n<meta name=\"twitter:card\" content=\"summary_large_image\" \/>\n<meta name=\"twitter:label1\" content=\"Predpokladan\u00fd \u010das \u010d\u00edtania\" \/>\n\t<meta name=\"twitter:data1\" content=\"2 min\u00faty\" \/>\n<script type=\"application\/ld+json\" class=\"yoast-schema-graph\">{\"@context\":\"https:\/\/schema.org\",\"@graph\":[{\"@type\":\"WebPage\",\"@id\":\"https:\/\/erdiamo.eu\/index.php\/upozornenie\/\",\"url\":\"https:\/\/erdiamo.eu\/index.php\/upozornenie\/\",\"name\":\"UPOZORNENIE - Erdiamo Real\",\"isPartOf\":{\"@id\":\"https:\/\/erdiamo.eu\/#website\"},\"datePublished\":\"2023-05-31T21:01:02+00:00\",\"dateModified\":\"2023-05-31T21:01:04+00:00\",\"breadcrumb\":{\"@id\":\"https:\/\/erdiamo.eu\/index.php\/upozornenie\/#breadcrumb\"},\"inLanguage\":\"sk-SK\",\"potentialAction\":[{\"@type\":\"ReadAction\",\"target\":[\"https:\/\/erdiamo.eu\/index.php\/upozornenie\/\"]}]},{\"@type\":\"BreadcrumbList\",\"@id\":\"https:\/\/erdiamo.eu\/index.php\/upozornenie\/#breadcrumb\",\"itemListElement\":[{\"@type\":\"ListItem\",\"position\":1,\"name\":\"Domovsk\u00e1 str\u00e1nka\",\"item\":\"https:\/\/erdiamo.eu\/\"},{\"@type\":\"ListItem\",\"position\":2,\"name\":\"UPOZORNENIE\"}]},{\"@type\":\"WebSite\",\"@id\":\"https:\/\/erdiamo.eu\/#website\",\"url\":\"https:\/\/erdiamo.eu\/\",\"name\":\"Erdiamo Real\",\"description\":\"Realitn\u00e1 Kancel\u00e1ria, ktor\u00e1 V\u00e1m spln\u00ed Va\u0161e sny o b\u00fdvan\u00ed\",\"potentialAction\":[{\"@type\":\"SearchAction\",\"target\":{\"@type\":\"EntryPoint\",\"urlTemplate\":\"https:\/\/erdiamo.eu\/?s={search_term_string}\"},\"query-input\":\"required name=search_term_string\"}],\"inLanguage\":\"sk-SK\"}]}<\/script>\n<!-- \/ Yoast SEO plugin. -->","yoast_head_json":{"title":"UPOZORNENIE - Erdiamo Real","robots":{"index":"index","follow":"follow","max-snippet":"max-snippet:-1","max-image-preview":"max-image-preview:large","max-video-preview":"max-video-preview:-1"},"canonical":"https:\/\/erdiamo.eu\/index.php\/upozornenie\/","og_locale":"sk_SK","og_type":"article","og_title":"UPOZORNENIE - Erdiamo Real","og_description":"Vstupom na t\u00fato webov\u00fa str\u00e1nku, jej prehliadan\u00edm alebo pou\u017e\u00edvan\u00edm potvrdzujete, \u017ee ste si pre\u010d\u00edtali a rozumiete ni\u017e\u0161ie uveden\u00fdm podmienkam pou\u017e\u00edvania webovej str\u00e1nky spolo\u010dnosti&nbsp;ERDIAMO REAL s.r.o.&nbsp;a z\u00e1rove\u0148 sa zav\u00e4zujete ich v plnom rozsahu re\u0161pektova\u0165 a dodr\u017eiava\u0165. ERDIAMO REAL s.r.o. si vyhradzuje pr\u00e1vo tieto podmienky alebo inform\u00e1cie uveden\u00e9 na webovej str\u00e1nke upravi\u0165 alebo zmeni\u0165. Pokia\u013e s uveden\u00fdmi [&hellip;]","og_url":"https:\/\/erdiamo.eu\/index.php\/upozornenie\/","og_site_name":"Erdiamo Real","article_modified_time":"2023-05-31T21:01:04+00:00","twitter_card":"summary_large_image","twitter_misc":{"Predpokladan\u00fd \u010das \u010d\u00edtania":"2 min\u00faty"},"schema":{"@context":"https:\/\/schema.org","@graph":[{"@type":"WebPage","@id":"https:\/\/erdiamo.eu\/index.php\/upozornenie\/","url":"https:\/\/erdiamo.eu\/index.php\/upozornenie\/","name":"UPOZORNENIE - Erdiamo Real","isPartOf":{"@id":"https:\/\/erdiamo.eu\/#website"},"datePublished":"2023-05-31T21:01:02+00:00","dateModified":"2023-05-31T21:01:04+00:00","breadcrumb":{"@id":"https:\/\/erdiamo.eu\/index.php\/upozornenie\/#breadcrumb"},"inLanguage":"sk-SK","potentialAction":[{"@type":"ReadAction","target":["https:\/\/erdiamo.eu\/index.php\/upozornenie\/"]}]},{"@type":"BreadcrumbList","@id":"https:\/\/erdiamo.eu\/index.php\/upozornenie\/#breadcrumb","itemListElement":[{"@type":"ListItem","position":1,"name":"Domovsk\u00e1 str\u00e1nka","item":"https:\/\/erdiamo.eu\/"},{"@type":"ListItem","position":2,"name":"UPOZORNENIE"}]},{"@type":"WebSite","@id":"https:\/\/erdiamo.eu\/#website","url":"https:\/\/erdiamo.eu\/","name":"Erdiamo Real","description":"Realitn\u00e1 Kancel\u00e1ria, ktor\u00e1 V\u00e1m spln\u00ed Va\u0161e sny o b\u00fdvan\u00ed","potentialAction":[{"@type":"SearchAction","target":{"@type":"EntryPoint","urlTemplate":"https:\/\/erdiamo.eu\/?s={search_term_string}"},"query-input":"required name=search_term_string"}],"inLanguage":"sk-SK"}]}},"_links":{"self":[{"href":"https:\/\/erdiamo.eu\/index.php\/wp-json\/wp\/v2\/pages\/4716"}],"collection":[{"href":"https:\/\/erdiamo.eu\/index.php\/wp-json\/wp\/v2\/pages"}],"about":[{"href":"https:\/\/erdiamo.eu\/index.php\/wp-json\/wp\/v2\/types\/page"}],"author":[{"embeddable":true,"href":"https:\/\/erdiamo.eu\/index.php\/wp-json\/wp\/v2\/users\/1"}],"replies":[{"embeddable":true,"href":"https:\/\/erdiamo.eu\/index.php\/wp-json\/wp\/v2\/comments?post=4716"}],"version-history":[{"count":0,"href":"https:\/\/erdiamo.eu\/index.php\/wp-json\/wp\/v2\/pages\/4716\/revisions"}],"wp:attachment":[{"href":"https:\/\/erdiamo.eu\/index.php\/wp-json\/wp\/v2\/media?parent=4716"}],"curies":[{"name":"wp","href":"https:\/\/api.w.org\/{rel}","templated":true}]}}