{"id":192,"date":"2016-02-15T22:43:13","date_gmt":"2016-02-15T22:43:13","guid":{"rendered":"https:\/\/sandbox.favethemes.com\/houzez\/?page_id=192"},"modified":"2023-05-27T19:36:56","modified_gmt":"2023-05-27T17:36:56","slug":"all-agents","status":"publish","type":"page","link":"https:\/\/erdiamo.eu\/index.php\/all-agents\/","title":{"rendered":"V\u0161etci realitn\u00fd makl\u00e9ri"},"content":{"rendered":"","protected":false},"excerpt":{"rendered":"","protected":false},"author":1,"featured_media":0,"parent":0,"menu_order":0,"comment_status":"closed","ping_status":"closed","template":"template\/template-agents.php","meta":{"footnotes":""},"yoast_head":"<!-- This site is optimized with the Yoast SEO plugin v22.4 - https:\/\/yoast.com\/wordpress\/plugins\/seo\/ -->\n<title>V\u0161etci realitn\u00fd makl\u00e9ri - Erdiamo Real<\/title>\n<meta name=\"robots\" content=\"index, follow, max-snippet:-1, max-image-preview:large, max-video-preview:-1\" \/>\n<link rel=\"canonical\" href=\"https:\/\/erdiamo.eu\/index.php\/all-agents\/\" \/>\n<meta property=\"og:locale\" content=\"sk_SK\" \/>\n<meta property=\"og:type\" content=\"article\" \/>\n<meta property=\"og:title\" content=\"V\u0161etci realitn\u00fd makl\u00e9ri - Erdiamo Real\" \/>\n<meta property=\"og:url\" content=\"https:\/\/erdiamo.eu\/index.php\/all-agents\/\" \/>\n<meta property=\"og:site_name\" content=\"Erdiamo Real\" \/>\n<meta property=\"article:modified_time\" content=\"2023-05-27T17:36:56+00:00\" \/>\n<meta name=\"twitter:card\" content=\"summary_large_image\" \/>\n<script type=\"application\/ld+json\" class=\"yoast-schema-graph\">{\"@context\":\"https:\/\/schema.org\",\"@graph\":[{\"@type\":\"WebPage\",\"@id\":\"https:\/\/erdiamo.eu\/index.php\/all-agents\/\",\"url\":\"https:\/\/erdiamo.eu\/index.php\/all-agents\/\",\"name\":\"V\u0161etci realitn\u00fd makl\u00e9ri - Erdiamo Real\",\"isPartOf\":{\"@id\":\"https:\/\/erdiamo.eu\/#website\"},\"datePublished\":\"2016-02-15T22:43:13+00:00\",\"dateModified\":\"2023-05-27T17:36:56+00:00\",\"breadcrumb\":{\"@id\":\"https:\/\/erdiamo.eu\/index.php\/all-agents\/#breadcrumb\"},\"inLanguage\":\"sk-SK\",\"potentialAction\":[{\"@type\":\"ReadAction\",\"target\":[\"https:\/\/erdiamo.eu\/index.php\/all-agents\/\"]}]},{\"@type\":\"BreadcrumbList\",\"@id\":\"https:\/\/erdiamo.eu\/index.php\/all-agents\/#breadcrumb\",\"itemListElement\":[{\"@type\":\"ListItem\",\"position\":1,\"name\":\"Domovsk\u00e1 str\u00e1nka\",\"item\":\"https:\/\/erdiamo.eu\/\"},{\"@type\":\"ListItem\",\"position\":2,\"name\":\"V\u0161etci realitn\u00fd makl\u00e9ri\"}]},{\"@type\":\"WebSite\",\"@id\":\"https:\/\/erdiamo.eu\/#website\",\"url\":\"https:\/\/erdiamo.eu\/\",\"name\":\"Erdiamo Real\",\"description\":\"Realitn\u00e1 Kancel\u00e1ria, ktor\u00e1 V\u00e1m spln\u00ed Va\u0161e sny o b\u00fdvan\u00ed\",\"potentialAction\":[{\"@type\":\"SearchAction\",\"target\":{\"@type\":\"EntryPoint\",\"urlTemplate\":\"https:\/\/erdiamo.eu\/?s={search_term_string}\"},\"query-input\":\"required name=search_term_string\"}],\"inLanguage\":\"sk-SK\"}]}<\/script>\n<!-- \/ Yoast SEO plugin. -->","yoast_head_json":{"title":"V\u0161etci realitn\u00fd makl\u00e9ri - Erdiamo Real","robots":{"index":"index","follow":"follow","max-snippet":"max-snippet:-1","max-image-preview":"max-image-preview:large","max-video-preview":"max-video-preview:-1"},"canonical":"https:\/\/erdiamo.eu\/index.php\/all-agents\/","og_locale":"sk_SK","og_type":"article","og_title":"V\u0161etci realitn\u00fd makl\u00e9ri - Erdiamo Real","og_url":"https:\/\/erdiamo.eu\/index.php\/all-agents\/","og_site_name":"Erdiamo Real","article_modified_time":"2023-05-27T17:36:56+00:00","twitter_card":"summary_large_image","schema":{"@context":"https:\/\/schema.org","@graph":[{"@type":"WebPage","@id":"https:\/\/erdiamo.eu\/index.php\/all-agents\/","url":"https:\/\/erdiamo.eu\/index.php\/all-agents\/","name":"V\u0161etci realitn\u00fd makl\u00e9ri - Erdiamo Real","isPartOf":{"@id":"https:\/\/erdiamo.eu\/#website"},"datePublished":"2016-02-15T22:43:13+00:00","dateModified":"2023-05-27T17:36:56+00:00","breadcrumb":{"@id":"https:\/\/erdiamo.eu\/index.php\/all-agents\/#breadcrumb"},"inLanguage":"sk-SK","potentialAction":[{"@type":"ReadAction","target":["https:\/\/erdiamo.eu\/index.php\/all-agents\/"]}]},{"@type":"BreadcrumbList","@id":"https:\/\/erdiamo.eu\/index.php\/all-agents\/#breadcrumb","itemListElement":[{"@type":"ListItem","position":1,"name":"Domovsk\u00e1 str\u00e1nka","item":"https:\/\/erdiamo.eu\/"},{"@type":"ListItem","position":2,"name":"V\u0161etci realitn\u00fd makl\u00e9ri"}]},{"@type":"WebSite","@id":"https:\/\/erdiamo.eu\/#website","url":"https:\/\/erdiamo.eu\/","name":"Erdiamo Real","description":"Realitn\u00e1 Kancel\u00e1ria, ktor\u00e1 V\u00e1m spln\u00ed Va\u0161e sny o b\u00fdvan\u00ed","potentialAction":[{"@type":"SearchAction","target":{"@type":"EntryPoint","urlTemplate":"https:\/\/erdiamo.eu\/?s={search_term_string}"},"query-input":"required name=search_term_string"}],"inLanguage":"sk-SK"}]}},"_links":{"self":[{"href":"https:\/\/erdiamo.eu\/index.php\/wp-json\/wp\/v2\/pages\/192"}],"collection":[{"href":"https:\/\/erdiamo.eu\/index.php\/wp-json\/wp\/v2\/pages"}],"about":[{"href":"https:\/\/erdiamo.eu\/index.php\/wp-json\/wp\/v2\/types\/page"}],"author":[{"embeddable":true,"href":"https:\/\/erdiamo.eu\/index.php\/wp-json\/wp\/v2\/users\/1"}],"replies":[{"embeddable":true,"href":"https:\/\/erdiamo.eu\/index.php\/wp-json\/wp\/v2\/comments?post=192"}],"version-history":[{"count":0,"href":"https:\/\/erdiamo.eu\/index.php\/wp-json\/wp\/v2\/pages\/192\/revisions"}],"wp:attachment":[{"href":"https:\/\/erdiamo.eu\/index.php\/wp-json\/wp\/v2\/media?parent=192"}],"curies":[{"name":"wp","href":"https:\/\/api.w.org\/{rel}","templated":true}]}}